{"id":2983,"date":"2023-02-07T16:28:47","date_gmt":"2023-02-07T16:28:47","guid":{"rendered":"https:\/\/flagstafftabernacle.dreamhosters.com\/?page_id=2983"},"modified":"2023-02-21T15:19:32","modified_gmt":"2023-02-21T15:19:32","slug":"about-2","status":"publish","type":"page","link":"https:\/\/flagstafftabernacle.com\/es\/about-2\/","title":{"rendered":"Acerca de"},"content":{"rendered":"<style type=\"text\/css\" data-created_by=\"avia_inline_auto\" id=\"style-css-av-lduggj8l-287930df51eddcab1213826fe73beda3\">\n.avia-section.av-lduggj8l-287930df51eddcab1213826fe73beda3{\nbackground-repeat:no-repeat;\nbackground-image:url(https:\/\/flagstafftabernacle.com\/wp-content\/uploads\/2023\/02\/FlagstaffMissionTabernacleSanctuary.png);\nbackground-position:50% 50%;\nbackground-attachment:fixed;\n}\n.avia-section.av-lduggj8l-287930df51eddcab1213826fe73beda3 .av-section-color-overlay{\nopacity:0.2;\nbackground-color:#000000;\n}\n<\/style>\n<div id='av_section_1'  class='avia-section av-lduggj8l-287930df51eddcab1213826fe73beda3 main_color avia-section-large avia-no-shadow  avia-builder-el-0  el_before_av_section  avia-builder-el-first  avia-full-stretch avia-bg-style-fixed av-section-color-overlay-active container_wrap sidebar_right'  data-section-bg-repeat='stretch'><div class=\"av-section-color-overlay-wrap\"><div class=\"av-section-color-overlay\"><\/div><div class='container av-section-cont-open' ><main  role=\"main\" itemprop=\"mainContentOfPage\"  class='template-page content  av-content-small alpha units'><div class='post-entry post-entry-type-page post-entry-2983'><div class='entry-content-wrapper clearfix'>\n\n<style type=\"text\/css\" data-created_by=\"avia_inline_auto\" id=\"style-css-av-bgayfr-0b798047636c03bef77731c351ec1b8f\">\n#top .av-special-heading.av-bgayfr-0b798047636c03bef77731c351ec1b8f{\npadding-bottom:0;\ncolor:#ffffff;\nfont-size:50px;\n}\nbody .av-special-heading.av-bgayfr-0b798047636c03bef77731c351ec1b8f .av-special-heading-tag .heading-char{\nfont-size:25px;\n}\n#top #wrap_all .av-special-heading.av-bgayfr-0b798047636c03bef77731c351ec1b8f .av-special-heading-tag{\nfont-size:50px;\n}\n.av-special-heading.av-bgayfr-0b798047636c03bef77731c351ec1b8f .special-heading-inner-border{\nborder-color:#ffffff;\n}\n.av-special-heading.av-bgayfr-0b798047636c03bef77731c351ec1b8f .av-subheading{\nfont-size:15px;\n}\n\n@media only screen and (min-width: 480px) and (max-width: 767px){ \n#top #wrap_all .av-special-heading.av-bgayfr-0b798047636c03bef77731c351ec1b8f .av-special-heading-tag{\nfont-size:0.8em;\n}\n}\n\n@media only screen and (max-width: 479px){ \n#top #wrap_all .av-special-heading.av-bgayfr-0b798047636c03bef77731c351ec1b8f .av-special-heading-tag{\nfont-size:0.8em;\n}\n}\n<\/style>\n<div  class='av-special-heading av-bgayfr-0b798047636c03bef77731c351ec1b8f av-special-heading-h3 custom-color-heading blockquote modern-quote modern-centered  avia-builder-el-1  el_before_av_hr  avia-builder-el-first  av-inherit-size'><h3 class='av-special-heading-tag'  itemprop=\"headline\"  >About Us<\/h3><div class=\"special-heading-border\"><div class=\"special-heading-inner-border\"><\/div><\/div><\/div>\n\n<style type=\"text\/css\" data-created_by=\"avia_inline_auto\" id=\"style-css-av-8gvxh3-5182f5c142d24a739c72a7f7b40e3da6\">\n#top .hr.av-8gvxh3-5182f5c142d24a739c72a7f7b40e3da6{\nmargin-top:30px;\nmargin-bottom:30px;\n}\n.hr.av-8gvxh3-5182f5c142d24a739c72a7f7b40e3da6 .hr-inner{\nwidth:20%;\nborder-color:rgba(255,255,255,0.76);\nmax-width:45%;\n}\n.hr.av-8gvxh3-5182f5c142d24a739c72a7f7b40e3da6 .av-seperator-icon{\ncolor:#ffffff;\n}\n<\/style>\n<div  class='hr av-8gvxh3-5182f5c142d24a739c72a7f7b40e3da6 hr-custom  avia-builder-el-2  el_after_av_heading  avia-builder-el-last  hr-center hr-icon-yes'><span class='hr-inner inner-border-av-border-thin'><span class=\"hr-inner-style\"><\/span><\/span><span class='av-seperator-icon' aria-hidden='true' data-av_icon='\ue8bf' data-av_iconfont='entypo-fontello'><\/span><span class='hr-inner inner-border-av-border-thin'><span class=\"hr-inner-style\"><\/span><\/span><\/div>\n\n<\/div><\/div><\/main><!-- close content main element --><\/div><\/div><\/div><div id='av_section_2'  class='avia-section av-7mygw7-ffad49074e720c920faf165ba27e1a7b main_color avia-section-small avia-no-border-styling  avia-builder-el-3  el_after_av_section  avia-builder-el-last  avia-bg-style-fixed container_wrap sidebar_right'  ><div class='container av-section-cont-open' ><div class='template-page content  av-content-small alpha units'><div class='post-entry post-entry-type-page post-entry-2983'><div class='entry-content-wrapper clearfix'>\n<div class='flex_column_table av-5iy23b-e6dc0b5b01ee29a50c53fca8015d74d2 sc-av_one_full av-equal-height-column-flextable'>\n<style type=\"text\/css\" data-created_by=\"avia_inline_auto\" id=\"style-css-av-5iy23b-e6dc0b5b01ee29a50c53fca8015d74d2\">\n#top .flex_column_table.av-equal-height-column-flextable.av-5iy23b-e6dc0b5b01ee29a50c53fca8015d74d2{\nmargin-top:-60px;\nmargin-bottom:0px;\n}\n.flex_column.av-5iy23b-e6dc0b5b01ee29a50c53fca8015d74d2{\n-webkit-border-radius:0px 0px 0px 0px;\n-moz-border-radius:0px 0px 0px 0px;\nborder-radius:0px 0px 0px 0px;\npadding:30px 30px 30px 30px;\nbackground-color:#ffffff;\n}\n<\/style>\n<div class='flex_column av-5iy23b-e6dc0b5b01ee29a50c53fca8015d74d2 av_one_full  avia-builder-el-4  avia-builder-el-no-sibling  first no_margin flex_column_table_cell av-equal-height-column av-align-top'     ><p>\n<style type=\"text\/css\" data-created_by=\"avia_inline_auto\" id=\"style-css-av-4rswmf-fb710ebd1748a585785dfe15379a47bd\">\n.avia-image-container.av-4rswmf-fb710ebd1748a585785dfe15379a47bd img.avia_image{\nbox-shadow:none;\n}\n.avia-image-container.av-4rswmf-fb710ebd1748a585785dfe15379a47bd .av-image-caption-overlay-center{\ncolor:#ffffff;\n}\n<\/style>\n<div  class='avia-image-container av-4rswmf-fb710ebd1748a585785dfe15379a47bd av-styling- avia-align-center  avia-builder-el-5  el_before_av_hr  avia-builder-el-first'   itemprop=\"image\" itemscope=\"itemscope\" itemtype=\"https:\/\/schema.org\/ImageObject\" ><div class=\"avia-image-container-inner\"><div class=\"avia-image-overlay-wrap\"><img decoding=\"async\" class='wp-image- avia-img-lazy-loading-not- avia_image' src=\"http:\/\/test.kriesi.at\/church\/wp-content\/uploads\/sites\/5\/2015\/05\/cross-on-bible-green-845x321.jpg\" alt='' title=''   itemprop=\"thumbnailUrl\"  \/><\/div><\/div><\/div><br \/>\n\n<style type=\"text\/css\" data-created_by=\"avia_inline_auto\" id=\"style-css-av-37dfwn-9ee3ff135a8d657b2b4945bbad00d176\">\n#top .hr.hr-invisible.av-37dfwn-9ee3ff135a8d657b2b4945bbad00d176{\nmargin-top:-30px;\nheight:1px;\n}\n<\/style>\n<div  class='hr av-37dfwn-9ee3ff135a8d657b2b4945bbad00d176 hr-invisible  avia-builder-el-6  el_after_av_image  el_before_av_heading'><span class='hr-inner'><span class=\"hr-inner-style\"><\/span><\/span><\/div><br \/>\n\n<style type=\"text\/css\" data-created_by=\"avia_inline_auto\" id=\"style-css-av-ldugho1y-686d2a3a4235f7a06397ce2f9027847d\">\n#top .av-special-heading.av-ldugho1y-686d2a3a4235f7a06397ce2f9027847d{\npadding-bottom:0;\n}\nbody .av-special-heading.av-ldugho1y-686d2a3a4235f7a06397ce2f9027847d .av-special-heading-tag .heading-char{\nfont-size:25px;\n}\n.av-special-heading.av-ldugho1y-686d2a3a4235f7a06397ce2f9027847d .av-subheading{\nfont-size:15px;\n}\n<\/style>\n<div  class='av-special-heading av-ldugho1y-686d2a3a4235f7a06397ce2f9027847d av-special-heading-h3 blockquote modern-quote  avia-builder-el-7  el_after_av_hr  el_before_av_textblock'><h3 class='av-special-heading-tag'  itemprop=\"headline\"  >Welcome and God Bless You!<\/h3><div class=\"special-heading-border\"><div class=\"special-heading-inner-border\"><\/div><\/div><\/div><br \/>\n<section  class='av_textblock_section av-ldughr2y-b9b1e968ca7b49c117b8e1cb87c7e1ec'  itemscope=\"itemscope\" itemtype=\"https:\/\/schema.org\/CreativeWork\" ><div class='avia_textblock'  itemprop=\"text\" ><p>Flagstaff Mission Tabernacle es una peque\u00f1a iglesia con una fe firme y una esperanza singular en el Se\u00f1or Jesucristo.\nEn los 50 a\u00f1os que hemos abierto nuestras puertas, siempre hemos procurado ser acogedores y amorosos con toda persona que desee adorar con nosotros.\nAnhelamos ver a las personas aceptar a Jes\u00fas como su Se\u00f1or y Salvador, y reconocer el mensaje que \u00c9l ha enviado a Su Novia en este tiempo.<\/p>\n<p>Creemos que Jes\u00fas es el mismo ayer, hoy y por los siglos (Hebreos 13:8), y as\u00ed como lo ha hecho a lo largo de la Biblia, creemos que Dios env\u00eda profetas para revelar Su Palabra (Am\u00f3s 3:7). Aunque muchos falsos profetas se levantar\u00e1n, un falso solo puede existir si hay uno verdadero que imitar. Seguimos el Mensaje del Hno. William Marrion Branham,\u00a0<a href=\"http:\/\/branham.org\/williambranham\" target=\"_blank\" rel=\"noopener noreferrer\">Bro. William Marrion Branham<\/a>\u00a0un profeta vindicado, cuya vida y ministerio dieron un poderoso testimonio de la naturaleza inmutable de Dios en este tiempo, y cuyo Mensaje fue claramente declarado en Malaqu\u00edas 4 y Apocalipsis 10:7.<\/p>\n<p>Si alguna vez se ha preguntado por qu\u00e9 las cosas que suced\u00edan en los d\u00edas b\u00edblicos parecen no suceder hoy, nos encantar\u00eda compartir con usted c\u00f3mo Dios no ha cambiado. \u00c9l ha demostrado muy claramente en nuestro siglo que \u201clas obras que yo hago, \u00e9l las har\u00e1 tambi\u00e9n; y aun mayores har\u00e1\u201d.<\/p>\n<\/div><\/section><\/p><\/div><\/div><!--close column table wrapper. Autoclose: 1 --><\/div><\/div><\/div><!-- close content main div --><\/div><\/div><div id='after_section_2'  class='main_color av_default_container_wrap container_wrap sidebar_right'  ><div class='container av-section-cont-open' ><div class='template-page content  av-content-small alpha units'><div class='post-entry post-entry-type-page post-entry-2983'><div class='entry-content-wrapper clearfix'>","protected":false},"excerpt":{"rendered":"","protected":false},"author":1,"featured_media":0,"parent":0,"menu_order":0,"comment_status":"closed","ping_status":"closed","template":"","meta":{"footnotes":""},"class_list":["post-2983","page","type-page","status-publish","hentry"],"_links":{"self":[{"href":"https:\/\/flagstafftabernacle.com\/es\/wp-json\/wp\/v2\/pages\/2983","targetHints":{"allow":["GET"]}}],"collection":[{"href":"https:\/\/flagstafftabernacle.com\/es\/wp-json\/wp\/v2\/pages"}],"about":[{"href":"https:\/\/flagstafftabernacle.com\/es\/wp-json\/wp\/v2\/types\/page"}],"author":[{"embeddable":true,"href":"https:\/\/flagstafftabernacle.com\/es\/wp-json\/wp\/v2\/users\/1"}],"replies":[{"embeddable":true,"href":"https:\/\/flagstafftabernacle.com\/es\/wp-json\/wp\/v2\/comments?post=2983"}],"version-history":[{"count":4,"href":"https:\/\/flagstafftabernacle.com\/es\/wp-json\/wp\/v2\/pages\/2983\/revisions"}],"predecessor-version":[{"id":4276,"href":"https:\/\/flagstafftabernacle.com\/es\/wp-json\/wp\/v2\/pages\/2983\/revisions\/4276"}],"wp:attachment":[{"href":"https:\/\/flagstafftabernacle.com\/es\/wp-json\/wp\/v2\/media?parent=2983"}],"curies":[{"name":"wp","href":"https:\/\/api.w.org\/{rel}","templated":true}]}}